{"id":405,"date":"2021-10-08T13:30:18","date_gmt":"2021-10-08T13:30:18","guid":{"rendered":"https:\/\/www.psonimielec.org.pl\/?page_id=405"},"modified":"2026-01-20T10:44:58","modified_gmt":"2026-01-20T10:44:58","slug":"kontakt","status":"publish","type":"page","link":"https:\/\/www.psonimielec.org.pl\/index.php\/niepubliczna-specjalistyczna-poradnia-wczesnego-wspomagania-rozwoju\/kontakt\/","title":{"rendered":"Kontakt"},"content":{"rendered":"\n<p><strong>Dyrektor: Katarzyna Mi\u0142o\u015b-Skaza<\/strong><\/p>\n\n\n\n<p><strong>Niepubliczna Specjalistyczna Poradnia Wczesnego Wspomagania Rozwoju<\/strong><\/p>\n\n\n\n<p>ul. Wojs\u0142awska 278, 39-300 Mielec<\/p>\n\n\n\n<p><strong>tel: 535 036 450<\/strong>&nbsp;<\/p>\n\n\n\n<p><strong>Tel\/fax:<\/strong> (17) 583 74 17, (17) 583 97 16, (17) 586 35 22<\/p>\n\n\n\n<p>e-mail : nspwwr.mielec@psoni.org.pl <\/p>\n","protected":false},"excerpt":{"rendered":"<p>Dyrektor: Katarzyna Mi\u0142o\u015b-Skaza Niepubliczna Specjalistyczna Poradnia Wczesnego Wspomagania Rozwoju ul. Wojs\u0142awska 278, 39-300 Mielec tel: 535 036 450&nbsp; Tel\/fax: (17) 583 74 17, (17) 583 97 16, (17) 586 35 22 e-mail [&hellip;]<\/p>\n","protected":false},"author":2,"featured_media":380,"parent":181,"menu_order":0,"comment_status":"closed","ping_status":"closed","template":"page-templates\/institution.php","meta":[],"acf":[],"_links":{"self":[{"href":"https:\/\/www.psonimielec.org.pl\/index.php\/wp-json\/wp\/v2\/pages\/405"}],"collection":[{"href":"https:\/\/www.psonimielec.org.pl\/index.php\/wp-json\/wp\/v2\/pages"}],"about":[{"href":"https:\/\/www.psonimielec.org.pl\/index.php\/wp-json\/wp\/v2\/types\/page"}],"author":[{"embeddable":true,"href":"https:\/\/www.psonimielec.org.pl\/index.php\/wp-json\/wp\/v2\/users\/2"}],"replies":[{"embeddable":true,"href":"https:\/\/www.psonimielec.org.pl\/index.php\/wp-json\/wp\/v2\/comments?post=405"}],"version-history":[{"count":3,"href":"https:\/\/www.psonimielec.org.pl\/index.php\/wp-json\/wp\/v2\/pages\/405\/revisions"}],"predecessor-version":[{"id":2800,"href":"https:\/\/www.psonimielec.org.pl\/index.php\/wp-json\/wp\/v2\/pages\/405\/revisions\/2800"}],"up":[{"embeddable":true,"href":"https:\/\/www.psonimielec.org.pl\/index.php\/wp-json\/wp\/v2\/pages\/181"}],"wp:featuredmedia":[{"embeddable":true,"href":"https:\/\/www.psonimielec.org.pl\/index.php\/wp-json\/wp\/v2\/media\/380"}],"wp:attachment":[{"href":"https:\/\/www.psonimielec.org.pl\/index.php\/wp-json\/wp\/v2\/media?parent=405"}],"curies":[{"name":"wp","href":"https:\/\/api.w.org\/{rel}","templated":true}]}}