{"id":402,"date":"2021-10-08T13:29:26","date_gmt":"2021-10-08T13:29:26","guid":{"rendered":"https:\/\/www.psonimielec.org.pl\/?page_id=402"},"modified":"2025-06-04T08:40:13","modified_gmt":"2025-06-04T08:40:13","slug":"dzialania-i-terapia","status":"publish","type":"page","link":"https:\/\/www.psonimielec.org.pl\/index.php\/niepubliczna-specjalistyczna-poradnia-wczesnego-wspomagania-rozwoju\/dzialania-i-terapia\/","title":{"rendered":"Dzia\u0142ania i terapia"},"content":{"rendered":"\n<p><strong>W ramach realizacji zaj\u0119\u0107 wczesnego wspomagania rozwoju dzieci mog\u0105 korzysta\u0107 z nast\u0119puj\u0105cych terapii:<\/strong><\/p>\n\n\n\n<ul><li>TERAPIA PEDAGOGICZNA<\/li><li>TERAPIA PSYCHOLOGICZNA<\/li><li>TERAPIA LOGOPEDYCZNA<\/li><li>FIZJOTERAPIA\/REHABILITACJA<\/li><li>INTEGRACJA SENSORYCZNA<\/li><li>METODA WERBO-TONALNA<\/li><li>EEG BIOFEEDBACK<\/li><li>TR\u00d3JP\u0141ASZCZYZNOWA MANUALNA TERAPIA WAD ST\u00d3P<\/li><li>KINESIOTAPING<\/li><li>TRENING UMIEJ\u0118TNO\u015aCI SPO\u0141ECZNYCH (TUS)<\/li><li>TERAPIA R\u0118KI I UMIEJ\u0118TNO\u015aCI GRAFOMOTORYCZNYCH<\/li><li>SENSOPLASTYKA\u00ae<\/li><li>ELEKTROSTYMULACJA LOGOPEDYCZNA<\/li><li>CHOREOTERAPIA<\/li><li>TERAPIA KARMIENIA \u00a0DZIECI Z NEOFOBI\u0104 POKARMOW\u0104<\/li><li>METODA DOBREGO STARTU<\/li><li>TERAPIA SNOEZELEN<\/li><li>INTEGRACJA BILATERAPNA-\u00a0 PROGRAM SZKOLNY<\/li><\/ul>\n","protected":false},"excerpt":{"rendered":"<p>W ramach realizacji zaj\u0119\u0107 wczesnego wspomagania rozwoju dzieci mog\u0105 korzysta\u0107 z nast\u0119puj\u0105cych terapii: TERAPIA PEDAGOGICZNA TERAPIA PSYCHOLOGICZNA TERAPIA LOGOPEDYCZNA FIZJOTERAPIA\/REHABILITACJA INTEGRACJA SENSORYCZNA METODA WERBO-TONALNA EEG BIOFEEDBACK TR\u00d3JP\u0141ASZCZYZNOWA MANUALNA TERAPIA WAD ST\u00d3P KINESIOTAPING [&hellip;]<\/p>\n","protected":false},"author":2,"featured_media":380,"parent":181,"menu_order":0,"comment_status":"closed","ping_status":"closed","template":"page-templates\/institution.php","meta":[],"acf":[],"_links":{"self":[{"href":"https:\/\/www.psonimielec.org.pl\/index.php\/wp-json\/wp\/v2\/pages\/402"}],"collection":[{"href":"https:\/\/www.psonimielec.org.pl\/index.php\/wp-json\/wp\/v2\/pages"}],"about":[{"href":"https:\/\/www.psonimielec.org.pl\/index.php\/wp-json\/wp\/v2\/types\/page"}],"author":[{"embeddable":true,"href":"https:\/\/www.psonimielec.org.pl\/index.php\/wp-json\/wp\/v2\/users\/2"}],"replies":[{"embeddable":true,"href":"https:\/\/www.psonimielec.org.pl\/index.php\/wp-json\/wp\/v2\/comments?post=402"}],"version-history":[{"count":2,"href":"https:\/\/www.psonimielec.org.pl\/index.php\/wp-json\/wp\/v2\/pages\/402\/revisions"}],"predecessor-version":[{"id":2541,"href":"https:\/\/www.psonimielec.org.pl\/index.php\/wp-json\/wp\/v2\/pages\/402\/revisions\/2541"}],"up":[{"embeddable":true,"href":"https:\/\/www.psonimielec.org.pl\/index.php\/wp-json\/wp\/v2\/pages\/181"}],"wp:featuredmedia":[{"embeddable":true,"href":"https:\/\/www.psonimielec.org.pl\/index.php\/wp-json\/wp\/v2\/media\/380"}],"wp:attachment":[{"href":"https:\/\/www.psonimielec.org.pl\/index.php\/wp-json\/wp\/v2\/media?parent=402"}],"curies":[{"name":"wp","href":"https:\/\/api.w.org\/{rel}","templated":true}]}}