{"id":393,"date":"2021-10-08T13:25:45","date_gmt":"2021-10-08T13:25:45","guid":{"rendered":"https:\/\/www.psonimielec.org.pl\/?page_id=393"},"modified":"2025-06-04T08:35:26","modified_gmt":"2025-06-04T08:35:26","slug":"o-nas","status":"publish","type":"page","link":"https:\/\/www.psonimielec.org.pl\/index.php\/niepubliczna-specjalistyczna-poradnia-wczesnego-wspomagania-rozwoju\/o-nas\/","title":{"rendered":"O nas"},"content":{"rendered":"\n<p>Niepubliczna Specjalistyczna Poradnia Wczesnego Wspomagania Rozwoju rozpocz\u0119\u0142a swoj\u0105 dzia\u0142alno\u015b\u0107 1 wrze\u015bnia 2010 roku.<\/p>\n\n\n\n<p>Inicjatorem powstania plac\u00f3wki, organizatorem&nbsp; i Dyrektorem od pocz\u0105tku jej dzia\u0142alno\u015bci jest Pani mgr Barbara Bik.<\/p>\n\n\n\n<p>Wpisano j\u0105 do Ewidencji Szk\u00f3\u0142 i Plac\u00f3wek Niepublicznych Powiatu Mieleckiego w dniu 27 lipca 2010 roku.<\/p>\n\n\n\n<p>Poradnia zosta\u0142a powo\u0142ana do \u017cycia Uchwa\u0142\u0105 Zarz\u0105du Ko\u0142a PSOUU w Mielcu z dnia 24 czerwca 2010 roku.<\/p>\n\n\n\n<p>Poradnia jest plac\u00f3wk\u0105 edukacyjn\u0105 nieferyjn\u0105 i niewakacyjn\u0105. Oznacza to, \u017ce zaj\u0119cia prowadzone s\u0105 w niej przez 12 miesi\u0119cy w roku, pi\u0119\u0107 dni w tygodniu w godzinach od 7.30-19.00.<\/p>\n","protected":false},"excerpt":{"rendered":"<p>Niepubliczna Specjalistyczna Poradnia Wczesnego Wspomagania Rozwoju rozpocz\u0119\u0142a swoj\u0105 dzia\u0142alno\u015b\u0107 1 wrze\u015bnia 2010 roku. Inicjatorem powstania plac\u00f3wki, organizatorem&nbsp; i Dyrektorem od pocz\u0105tku jej dzia\u0142alno\u015bci jest Pani mgr Barbara Bik. Wpisano j\u0105 do Ewidencji [&hellip;]<\/p>\n","protected":false},"author":2,"featured_media":380,"parent":181,"menu_order":0,"comment_status":"closed","ping_status":"closed","template":"page-templates\/institution.php","meta":[],"acf":[],"_links":{"self":[{"href":"https:\/\/www.psonimielec.org.pl\/index.php\/wp-json\/wp\/v2\/pages\/393"}],"collection":[{"href":"https:\/\/www.psonimielec.org.pl\/index.php\/wp-json\/wp\/v2\/pages"}],"about":[{"href":"https:\/\/www.psonimielec.org.pl\/index.php\/wp-json\/wp\/v2\/types\/page"}],"author":[{"embeddable":true,"href":"https:\/\/www.psonimielec.org.pl\/index.php\/wp-json\/wp\/v2\/users\/2"}],"replies":[{"embeddable":true,"href":"https:\/\/www.psonimielec.org.pl\/index.php\/wp-json\/wp\/v2\/comments?post=393"}],"version-history":[{"count":3,"href":"https:\/\/www.psonimielec.org.pl\/index.php\/wp-json\/wp\/v2\/pages\/393\/revisions"}],"predecessor-version":[{"id":2539,"href":"https:\/\/www.psonimielec.org.pl\/index.php\/wp-json\/wp\/v2\/pages\/393\/revisions\/2539"}],"up":[{"embeddable":true,"href":"https:\/\/www.psonimielec.org.pl\/index.php\/wp-json\/wp\/v2\/pages\/181"}],"wp:featuredmedia":[{"embeddable":true,"href":"https:\/\/www.psonimielec.org.pl\/index.php\/wp-json\/wp\/v2\/media\/380"}],"wp:attachment":[{"href":"https:\/\/www.psonimielec.org.pl\/index.php\/wp-json\/wp\/v2\/media?parent=393"}],"curies":[{"name":"wp","href":"https:\/\/api.w.org\/{rel}","templated":true}]}}