{"id":381,"date":"2021-10-08T13:02:26","date_gmt":"2021-10-08T13:02:26","guid":{"rendered":"https:\/\/www.psonimielec.org.pl\/?page_id=381"},"modified":"2025-06-04T09:19:13","modified_gmt":"2025-06-04T09:19:13","slug":"misja-i-wizja","status":"publish","type":"page","link":"https:\/\/www.psonimielec.org.pl\/index.php\/niepubliczna-specjalistyczna-poradnia-wczesnego-wspomagania-rozwoju\/misja-i-wizja\/","title":{"rendered":"Misja i wizja"},"content":{"rendered":"\n<p><em>&#8222;Kiedy \u015bmieje si\u0119 dziecko, \u015bmieje si\u0119 ca\u0142y \u015bwiat.&#8221;<\/em><\/p>\n\n\n\n<p><em>&#8211; Janusz Korczak-<\/em><\/p>\n\n\n\n<div class=\"wp-block-media-text alignwide is-stacked-on-mobile is-image-fill\"><figure class=\"wp-block-media-text__media\" style=\"background-image:url(https:\/\/www.psonimielec.org.pl\/wp-content\/uploads\/2025\/06\/misja-i-wizja-1-1-768x1024.jpeg);background-position:56.99999999999999% 34%\"><img loading=\"lazy\" width=\"768\" height=\"1024\" src=\"https:\/\/www.psonimielec.org.pl\/wp-content\/uploads\/2025\/06\/misja-i-wizja-1-1-768x1024.jpeg\" alt=\"\" class=\"wp-image-2593 size-full\" srcset=\"https:\/\/www.psonimielec.org.pl\/wp-content\/uploads\/2025\/06\/misja-i-wizja-1-1-768x1024.jpeg 768w, https:\/\/www.psonimielec.org.pl\/wp-content\/uploads\/2025\/06\/misja-i-wizja-1-1-225x300.jpeg 225w, https:\/\/www.psonimielec.org.pl\/wp-content\/uploads\/2025\/06\/misja-i-wizja-1-1-1152x1536.jpeg 1152w, https:\/\/www.psonimielec.org.pl\/wp-content\/uploads\/2025\/06\/misja-i-wizja-1-1-1536x2048.jpeg 1536w, https:\/\/www.psonimielec.org.pl\/wp-content\/uploads\/2025\/06\/misja-i-wizja-1-1-1200x1600.jpeg 1200w, https:\/\/www.psonimielec.org.pl\/wp-content\/uploads\/2025\/06\/misja-i-wizja-1-1-1980x2640.jpeg 1980w, https:\/\/www.psonimielec.org.pl\/wp-content\/uploads\/2025\/06\/misja-i-wizja-1-1-scaled.jpeg 1920w\" sizes=\"(max-width: 768px) 100vw, 768px\" \/><\/figure><div class=\"wp-block-media-text__content\">\n<p><strong>MISJA NIEPUBLICZNEJ PORADNI WCZESNEGO WSPOMAGANIA ROZWOJU<\/strong><\/p>\n\n\n\n<p><\/p>\n\n\n\n<ol type=\"1\" id=\"block-2d865309-4d87-4ae1-b401-751f9f001f3e\"><li>Jeste\u015bmy zespo\u0142em specjalist\u00f3w stawiaj\u0105cych sobie wysokie wymagania w pracy z dzie\u0107mi i ich rodzicami\/opiekunami.<\/li><li>Udzielamy nieodp\u0142atnej pomocy dzieciom posiadaj\u0105cym opini\u0119 o potrzebie wczesnego wspomagania rozwoju oraz ich rodzinom.<\/li><li>Wspomagamy wszechstronny rozw\u00f3j dzieci, tak by mog\u0142y pokona\u0107 w\u0142asne trudno\u015bci i ograniczenia na miar\u0119 swoich mo\u017cliwo\u015bci.<\/li><li>Zwracamy szczeg\u00f3ln\u0105 uwag\u0119 na mocne strony i talenty ka\u017cdego podopiecznego.\u00a0<\/li><li>Wspieramy rodzic\u00f3w\/opiekun\u00f3w w tworzeniu optymalnych warunk\u00f3w zapewniaj\u0105cych wszechstronny rozw\u00f3j dziecka w \u015brodowisku domowym.<\/li><li>Nasza kadra ustawicznie podnosi swoje umiej\u0119tno\u015bci i kwalifikacje zawodowe.<\/li><li>Dbamy o to, aby relacje w zespole by\u0142y pe\u0142ne szacunku, zrozumienia i partnerstwa.<\/li><\/ol>\n<\/div><\/div>\n\n\n\n<div class=\"wp-block-media-text alignwide is-stacked-on-mobile is-image-fill\"><figure class=\"wp-block-media-text__media\" style=\"background-image:url(https:\/\/www.psonimielec.org.pl\/wp-content\/uploads\/2025\/06\/misja-i-wizja-2-1-462x1024.jpg);background-position:49% 38%\"><img loading=\"lazy\" width=\"462\" height=\"1024\" src=\"https:\/\/www.psonimielec.org.pl\/wp-content\/uploads\/2025\/06\/misja-i-wizja-2-1-462x1024.jpg\" alt=\"\" class=\"wp-image-2594 size-full\" srcset=\"https:\/\/www.psonimielec.org.pl\/wp-content\/uploads\/2025\/06\/misja-i-wizja-2-1-462x1024.jpg 462w, https:\/\/www.psonimielec.org.pl\/wp-content\/uploads\/2025\/06\/misja-i-wizja-2-1-135x300.jpg 135w, https:\/\/www.psonimielec.org.pl\/wp-content\/uploads\/2025\/06\/misja-i-wizja-2-1-768x1703.jpg 768w, https:\/\/www.psonimielec.org.pl\/wp-content\/uploads\/2025\/06\/misja-i-wizja-2-1-693x1536.jpg 693w, https:\/\/www.psonimielec.org.pl\/wp-content\/uploads\/2025\/06\/misja-i-wizja-2-1-924x2048.jpg 924w, https:\/\/www.psonimielec.org.pl\/wp-content\/uploads\/2025\/06\/misja-i-wizja-2-1-1200x2661.jpg 1200w, https:\/\/www.psonimielec.org.pl\/wp-content\/uploads\/2025\/06\/misja-i-wizja-2-1-scaled.jpg 1155w\" sizes=\"(max-width: 462px) 100vw, 462px\" \/><\/figure><div class=\"wp-block-media-text__content\">\n<p><strong><u>WIZJA NIEPUBLICZNEJ PORADNI WCZESNEGO WSPOMAGANIA ROZWOJU<\/u><\/strong><\/p>\n\n\n\n<p>&nbsp;&nbsp;&nbsp;&nbsp;&nbsp;&nbsp;&nbsp;&nbsp;&nbsp;&nbsp;&nbsp; Pragniemy tworzy\u0107 miejsce, w kt\u00f3rym nasi podopieczni i ich rodzice\/opiekunowie b\u0119d\u0105 czuli si\u0119 bezpiecznie, gdzie zawsze otrzymaj\u0105 pomoc i wsparcie. Wszelkie dzia\u0142ania terapeutyczne podejmujemy w taki spos\u00f3b, aby w jak najlepszym stopniu dostosowa\u0107 je do mo\u017cliwo\u015bci rozwojowych dzieci, wspieraj\u0105c je w pokonywaniu ogranicze\u0144, wynikaj\u0105cych z prezentowanych zaburze\u0144 rozwojowych. Naszym celem jest proponowanie najwy\u017cszej jako\u015bci us\u0142ug przy pe\u0142nym poszanowaniu praw i potrzeb podopiecznych poradni. D\u0105\u017cymy do tego, aby ka\u017cdy rodzic\/opiekun otrzymywa\u0142 na bie\u017c\u0105co wszelkie informacje i zalecenia dotycz\u0105ce pracy z dzieckiem. Pragniemy tak\u017ce dostosowa\u0107 swoje oddzia\u0142ywania do potrzeb i mo\u017cliwo\u015bci organizacyjnych rodzic\u00f3w i opiekun\u00f3w.<\/p>\n<\/div><\/div>\n\n\n\n<div class=\"wp-block-media-text alignwide is-stacked-on-mobile is-image-fill\"><figure class=\"wp-block-media-text__media\" style=\"background-image:url(https:\/\/www.psonimielec.org.pl\/wp-content\/uploads\/2025\/06\/misja-i-wizja-3-1-460x1024.jpg);background-position:57.99999999999999% 30%\"><img loading=\"lazy\" width=\"460\" height=\"1024\" src=\"https:\/\/www.psonimielec.org.pl\/wp-content\/uploads\/2025\/06\/misja-i-wizja-3-1-460x1024.jpg\" alt=\"\" class=\"wp-image-2596 size-large\" srcset=\"https:\/\/www.psonimielec.org.pl\/wp-content\/uploads\/2025\/06\/misja-i-wizja-3-1-460x1024.jpg 460w, https:\/\/www.psonimielec.org.pl\/wp-content\/uploads\/2025\/06\/misja-i-wizja-3-1-135x300.jpg 135w, https:\/\/www.psonimielec.org.pl\/wp-content\/uploads\/2025\/06\/misja-i-wizja-3-1-768x1710.jpg 768w, https:\/\/www.psonimielec.org.pl\/wp-content\/uploads\/2025\/06\/misja-i-wizja-3-1-690x1536.jpg 690w, https:\/\/www.psonimielec.org.pl\/wp-content\/uploads\/2025\/06\/misja-i-wizja-3-1-920x2048.jpg 920w, https:\/\/www.psonimielec.org.pl\/wp-content\/uploads\/2025\/06\/misja-i-wizja-3-1-1200x2671.jpg 1200w, https:\/\/www.psonimielec.org.pl\/wp-content\/uploads\/2025\/06\/misja-i-wizja-3-1-scaled.jpg 1150w\" sizes=\"(max-width: 460px) 100vw, 460px\" \/><\/figure><div class=\"wp-block-media-text__content\">\n<p><strong>Zale\u017cy nam, aby rodzice\/opiekunowie uzyskiwali:<\/strong><\/p>\n\n\n\n<ul><li>wskaz\u00f3wki z jakimi specjalistami nale\u017cy skonsultowa\u0107 dziecko, aby uzyska\u0107 jak najpe\u0142niejsz\u0105 diagnoz\u0119,<\/li><li>informacje o krokach, kt\u00f3re nale\u017cy podj\u0105\u0107, aby ich dziecko uzyska\u0142o wszelkie przys\u0142uguj\u0105ce mu \u015bwiadczenia,<\/li><li>pomoc w zrozumieniu trudno\u015bci z jakimi boryka si\u0119 dziecko,<\/li><li>dok\u0142adn\u0105 informacj\u0119 zwrotn\u0105 na temat sposobu funkcjonowania dziecka, jego post\u0119p\u00f3w oraz napotykanych trudno\u015bci, jak r\u00f3wnie\u017c mo\u017cliwo\u015bci ich kompensowania,<\/li><li>mo\u017cliwo\u015b\u0107 uczestniczenia w zaj\u0119ciach otwartych aby jak najlepiej pozna\u0107 efektywne sposoby odzia\u0142ywania,<\/li><li>wsparcie w trudnych sytuacjach,<\/li><li>wyja\u015bnianie niepokoj\u0105cych zachowa\u0144 dziecka, wskazywanie ich \u017ar\u00f3de\u0142 i sposob\u00f3w zapobiegania,<\/li><li>propozycj\u0119 zabaw terapeutycznych do realizacji z dzieckiem w domu,<\/li><li>doradztwo w zakresie organizacji najbli\u017cszego otoczenia zgodnie z potrzebami niepe\u0142nosprawnego dziecka,<\/li><li>poradnictwo rodzinne dotycz\u0105ce mo\u017cliwo\u015bci uzyskania pomocy socjalnej (kierowanie do jednostek pomocy spo\u0142ecznej, centr\u00f3w pomocy rodzinie).<\/li><\/ul>\n<\/div><\/div>\n\n\n\n<figure class=\"wp-block-image size-large\"><img loading=\"lazy\" width=\"768\" height=\"1024\" src=\"https:\/\/www.psonimielec.org.pl\/wp-content\/uploads\/2025\/06\/misja-wizja-4-2-768x1024.jpg\" alt=\"\" class=\"wp-image-2602\" srcset=\"https:\/\/www.psonimielec.org.pl\/wp-content\/uploads\/2025\/06\/misja-wizja-4-2-768x1024.jpg 768w, https:\/\/www.psonimielec.org.pl\/wp-content\/uploads\/2025\/06\/misja-wizja-4-2-225x300.jpg 225w, https:\/\/www.psonimielec.org.pl\/wp-content\/uploads\/2025\/06\/misja-wizja-4-2-1152x1536.jpg 1152w, https:\/\/www.psonimielec.org.pl\/wp-content\/uploads\/2025\/06\/misja-wizja-4-2-1536x2048.jpg 1536w, https:\/\/www.psonimielec.org.pl\/wp-content\/uploads\/2025\/06\/misja-wizja-4-2-1200x1600.jpg 1200w, https:\/\/www.psonimielec.org.pl\/wp-content\/uploads\/2025\/06\/misja-wizja-4-2-1980x2640.jpg 1980w, https:\/\/www.psonimielec.org.pl\/wp-content\/uploads\/2025\/06\/misja-wizja-4-2-scaled.jpg 1920w\" sizes=\"(max-width: 768px) 100vw, 768px\" \/><\/figure>\n\n\n\n<p><\/p>\n","protected":false},"excerpt":{"rendered":"<p>&#8222;Kiedy \u015bmieje si\u0119 dziecko, \u015bmieje si\u0119 ca\u0142y \u015bwiat.&#8221; &#8211; Janusz Korczak- MISJA NIEPUBLICZNEJ PORADNI WCZESNEGO WSPOMAGANIA ROZWOJU Jeste\u015bmy zespo\u0142em specjalist\u00f3w stawiaj\u0105cych sobie wysokie wymagania w pracy z dzie\u0107mi i ich rodzicami\/opiekunami. Udzielamy [&hellip;]<\/p>\n","protected":false},"author":2,"featured_media":380,"parent":181,"menu_order":0,"comment_status":"closed","ping_status":"closed","template":"page-templates\/institution.php","meta":[],"acf":[],"_links":{"self":[{"href":"https:\/\/www.psonimielec.org.pl\/index.php\/wp-json\/wp\/v2\/pages\/381"}],"collection":[{"href":"https:\/\/www.psonimielec.org.pl\/index.php\/wp-json\/wp\/v2\/pages"}],"about":[{"href":"https:\/\/www.psonimielec.org.pl\/index.php\/wp-json\/wp\/v2\/types\/page"}],"author":[{"embeddable":true,"href":"https:\/\/www.psonimielec.org.pl\/index.php\/wp-json\/wp\/v2\/users\/2"}],"replies":[{"embeddable":true,"href":"https:\/\/www.psonimielec.org.pl\/index.php\/wp-json\/wp\/v2\/comments?post=381"}],"version-history":[{"count":14,"href":"https:\/\/www.psonimielec.org.pl\/index.php\/wp-json\/wp\/v2\/pages\/381\/revisions"}],"predecessor-version":[{"id":2606,"href":"https:\/\/www.psonimielec.org.pl\/index.php\/wp-json\/wp\/v2\/pages\/381\/revisions\/2606"}],"up":[{"embeddable":true,"href":"https:\/\/www.psonimielec.org.pl\/index.php\/wp-json\/wp\/v2\/pages\/181"}],"wp:featuredmedia":[{"embeddable":true,"href":"https:\/\/www.psonimielec.org.pl\/index.php\/wp-json\/wp\/v2\/media\/380"}],"wp:attachment":[{"href":"https:\/\/www.psonimielec.org.pl\/index.php\/wp-json\/wp\/v2\/media?parent=381"}],"curies":[{"name":"wp","href":"https:\/\/api.w.org\/{rel}","templated":true}]}}