{"id":181,"date":"2021-10-05T15:05:45","date_gmt":"2021-10-05T15:05:45","guid":{"rendered":"http:\/\/www.psonimielec.org.pl\/?page_id=181"},"modified":"2025-06-04T09:12:23","modified_gmt":"2025-06-04T09:12:23","slug":"niepubliczna-specjalistyczna-poradnia-wczesnego-wspomagania-rozwoju","status":"publish","type":"page","link":"https:\/\/www.psonimielec.org.pl\/index.php\/niepubliczna-specjalistyczna-poradnia-wczesnego-wspomagania-rozwoju\/","title":{"rendered":"Niepubliczna Specjalistyczna Poradnia Wczesnego Wspomagania Rozwoju"},"content":{"rendered":"\n<p><\/p>\n\n\n\n<p><\/p>\n\n\n\n<div class=\"wp-block-media-text alignwide is-stacked-on-mobile\"><figure class=\"wp-block-media-text__media\"><img loading=\"lazy\" width=\"768\" height=\"1024\" src=\"https:\/\/www.psonimielec.org.pl\/wp-content\/uploads\/2025\/06\/menu-1-2-768x1024.jpeg\" alt=\"\" class=\"wp-image-2590 size-full\" srcset=\"https:\/\/www.psonimielec.org.pl\/wp-content\/uploads\/2025\/06\/menu-1-2-768x1024.jpeg 768w, https:\/\/www.psonimielec.org.pl\/wp-content\/uploads\/2025\/06\/menu-1-2-225x300.jpeg 225w, https:\/\/www.psonimielec.org.pl\/wp-content\/uploads\/2025\/06\/menu-1-2-1152x1536.jpeg 1152w, https:\/\/www.psonimielec.org.pl\/wp-content\/uploads\/2025\/06\/menu-1-2-1536x2048.jpeg 1536w, https:\/\/www.psonimielec.org.pl\/wp-content\/uploads\/2025\/06\/menu-1-2-1200x1600.jpeg 1200w, https:\/\/www.psonimielec.org.pl\/wp-content\/uploads\/2025\/06\/menu-1-2-1980x2640.jpeg 1980w, https:\/\/www.psonimielec.org.pl\/wp-content\/uploads\/2025\/06\/menu-1-2-scaled.jpeg 1920w\" sizes=\"(max-width: 768px) 100vw, 768px\" \/><\/figure><div class=\"wp-block-media-text__content\">\n<p><strong>Wczesne wspomaganie rozwoju (WWR),<\/strong> jest bezp\u0142atnym wsparciem terapeutycznym maj\u0105cym na celu wspieranie rozwoju dzieci z trudno\u015bciami rozwojowymi oraz ich rodzin realizowane w oparciu o <strong>opini\u0119 o potrzebie wczesnego wspomagania rozwoju.<\/strong><\/p>\n\n\n\n<p>Wczesne Wspomaganie Rozwoju ma na celu popraw\u0119 jako\u015bci \u017cycia dzieci poprzez wspieranie ich rozwoju, pomoc w pokonywaniu trudno\u015bci wynikaj\u0105cych z dysfunkcji oraz zapobieganie pog\u0142\u0119bianiu si\u0119 trudno\u015bci.<\/p>\n<\/div><\/div>\n\n\n\n<div class=\"wp-block-media-text alignwide is-stacked-on-mobile\"><figure class=\"wp-block-media-text__media\"><img loading=\"lazy\" width=\"768\" height=\"1024\" src=\"https:\/\/www.psonimielec.org.pl\/wp-content\/uploads\/2025\/06\/menu2-1-768x1024.jpeg\" alt=\"Dziewczynka w  Sali do\u015bwiadczania \u015bwiata \" class=\"wp-image-2584 size-full\" srcset=\"https:\/\/www.psonimielec.org.pl\/wp-content\/uploads\/2025\/06\/menu2-1-768x1024.jpeg 768w, https:\/\/www.psonimielec.org.pl\/wp-content\/uploads\/2025\/06\/menu2-1-225x300.jpeg 225w, https:\/\/www.psonimielec.org.pl\/wp-content\/uploads\/2025\/06\/menu2-1-1152x1536.jpeg 1152w, https:\/\/www.psonimielec.org.pl\/wp-content\/uploads\/2025\/06\/menu2-1-1536x2048.jpeg 1536w, https:\/\/www.psonimielec.org.pl\/wp-content\/uploads\/2025\/06\/menu2-1-1200x1600.jpeg 1200w, https:\/\/www.psonimielec.org.pl\/wp-content\/uploads\/2025\/06\/menu2-1-1980x2640.jpeg 1980w, https:\/\/www.psonimielec.org.pl\/wp-content\/uploads\/2025\/06\/menu2-1-scaled.jpeg 1920w\" sizes=\"(max-width: 768px) 100vw, 768px\" \/><\/figure><div class=\"wp-block-media-text__content\">\n<p>Wczesne Wspomaganie Rozwoju &nbsp;oferuje wsparcie dla rodzic\u00f3w\/opiekun\u00f3w dzieci, kt\u00f3re obejmuje:<\/p>\n\n\n\n<ul><li>udzielanie pomocy w zakresie kszta\u0142towania postaw i zachowa\u0144 po\u017c\u0105danych w kontaktach z&nbsp;dzieckiem<\/li><li>wzmacnianie wi\u0119zi emocjonalnej pomi\u0119dzy rodzicami i dzieckiem<\/li><li>rozpoznawanie zachowa\u0144 dziecka i utrwalanie w\u0142a\u015bciwych reakcji na te zachowania<\/li><li>udzielanie instrukta\u017cu i porad oraz prowadzenie konsultacji w zakresie pracy&nbsp;z dzieckiem<\/li><li>udzielanie rodzicom emocjonalnego wsparcia<\/li><li>identyfikowanie i eliminowanie barier i ogranicze\u0144 w \u015brodowisku utrudniaj\u0105cym funkcjonowanie dziecka, w tym jego aktywno\u015b\u0107 i uczestnictwo w \u017cyciu spo\u0142ecznym, oraz pomoc w przystosowaniu warunk\u00f3w w \u015brodowisku domowym do potrzeb dziecka pozyskanie i wykorzystanie w pracy z dzieckiem odpowiednich \u015brodk\u00f3w dydaktycznych i niezb\u0119dnego sprz\u0119tu.<\/li><\/ul>\n<\/div><\/div>\n\n\n\n<div class=\"wp-block-media-text alignwide is-stacked-on-mobile\"><figure class=\"wp-block-media-text__media\"><img loading=\"lazy\" width=\"649\" height=\"1024\" src=\"https:\/\/www.psonimielec.org.pl\/wp-content\/uploads\/2025\/06\/menu3-1-649x1024.jpeg\" alt=\"Ch\u0142opiec na zaj\u0119ciach\" class=\"wp-image-2585 size-full\" srcset=\"https:\/\/www.psonimielec.org.pl\/wp-content\/uploads\/2025\/06\/menu3-1-649x1024.jpeg 649w, https:\/\/www.psonimielec.org.pl\/wp-content\/uploads\/2025\/06\/menu3-1-190x300.jpeg 190w, https:\/\/www.psonimielec.org.pl\/wp-content\/uploads\/2025\/06\/menu3-1-768x1212.jpeg 768w, https:\/\/www.psonimielec.org.pl\/wp-content\/uploads\/2025\/06\/menu3-1-974x1536.jpeg 974w, https:\/\/www.psonimielec.org.pl\/wp-content\/uploads\/2025\/06\/menu3-1-1298x2048.jpeg 1298w, https:\/\/www.psonimielec.org.pl\/wp-content\/uploads\/2025\/06\/menu3-1-1200x1893.jpeg 1200w, https:\/\/www.psonimielec.org.pl\/wp-content\/uploads\/2025\/06\/menu3-1-1980x3123.jpeg 1980w, https:\/\/www.psonimielec.org.pl\/wp-content\/uploads\/2025\/06\/menu3-1-scaled.jpeg 1623w\" sizes=\"(max-width: 649px) 100vw, 649px\" \/><\/figure><div class=\"wp-block-media-text__content\">\n<p>Rodzice maj\u0105 mo\u017cliwo\u015b\u0107 &nbsp;aktywnie uczestniczy\u0107 w terapii swojego dziecka poprzez udzia\u0142 w zaj\u0119ciach otwartych, co sprzyja lepszemu zrozumieniu i wspieraniu jego rozwoju.<\/p>\n\n\n\n<p>Dziecko traktowane jest indywidualnie, a program terapii opracowywany jest po dok\u0142adnej diagnozie specjalistycznej, aby zaj\u0119cia by\u0142y w pe\u0142ni dopasowane do potrzeb i mo\u017cliwo\u015bci dziecka oraz jego rodziny.<\/p>\n\n\n\n<p>Z ka\u017cdym dzieckiem pracuje zesp\u00f3\u0142 wykwalifikowanych nauczycieli specjalist\u00f3w, kt\u00f3rzy wsp\u00f3\u0142pracuj\u0105 ze sob\u0105, co zapewnia kompleksowe podej\u015bcie i holistyczne wspomaganie rozwoju dziecka. W sk\u0142ad zespo\u0142u wchodz\u0105 specjali\u015bci posiadaj\u0105cy przygotowanie do pracy z&nbsp; dzie\u0107mi &nbsp;o zaburzonym rozwoju psychoruchowym, co daje nam mo\u017cliwo\u015b\u0107 prowadzenia r\u00f3\u017cnego typu terapii a tak\u017ce profesjonalnej oceny jej skuteczno\u015bci.<\/p>\n<\/div><\/div>\n","protected":false},"excerpt":{"rendered":"<p>Wczesne wspomaganie rozwoju (WWR), jest bezp\u0142atnym wsparciem terapeutycznym maj\u0105cym na celu wspieranie rozwoju dzieci z trudno\u015bciami rozwojowymi oraz ich rodzin realizowane w oparciu o opini\u0119 o potrzebie wczesnego wspomagania rozwoju. Wczesne Wspomaganie [&hellip;]<\/p>\n","protected":false},"author":2,"featured_media":380,"parent":0,"menu_order":0,"comment_status":"closed","ping_status":"closed","template":"page-templates\/institution.php","meta":[],"acf":[],"_links":{"self":[{"href":"https:\/\/www.psonimielec.org.pl\/index.php\/wp-json\/wp\/v2\/pages\/181"}],"collection":[{"href":"https:\/\/www.psonimielec.org.pl\/index.php\/wp-json\/wp\/v2\/pages"}],"about":[{"href":"https:\/\/www.psonimielec.org.pl\/index.php\/wp-json\/wp\/v2\/types\/page"}],"author":[{"embeddable":true,"href":"https:\/\/www.psonimielec.org.pl\/index.php\/wp-json\/wp\/v2\/users\/2"}],"replies":[{"embeddable":true,"href":"https:\/\/www.psonimielec.org.pl\/index.php\/wp-json\/wp\/v2\/comments?post=181"}],"version-history":[{"count":18,"href":"https:\/\/www.psonimielec.org.pl\/index.php\/wp-json\/wp\/v2\/pages\/181\/revisions"}],"predecessor-version":[{"id":2592,"href":"https:\/\/www.psonimielec.org.pl\/index.php\/wp-json\/wp\/v2\/pages\/181\/revisions\/2592"}],"wp:featuredmedia":[{"embeddable":true,"href":"https:\/\/www.psonimielec.org.pl\/index.php\/wp-json\/wp\/v2\/media\/380"}],"wp:attachment":[{"href":"https:\/\/www.psonimielec.org.pl\/index.php\/wp-json\/wp\/v2\/media?parent=181"}],"curies":[{"name":"wp","href":"https:\/\/api.w.org\/{rel}","templated":true}]}}