{"id":134,"date":"2021-10-05T11:30:21","date_gmt":"2021-10-05T11:30:21","guid":{"rendered":"http:\/\/www.psonimielec.org.pl\/?page_id=134"},"modified":"2025-04-02T05:44:14","modified_gmt":"2025-04-02T05:44:14","slug":"osrodek-wczesnej-interwencji","status":"publish","type":"page","link":"https:\/\/www.psonimielec.org.pl\/index.php\/osrodek-wczesnej-interwencji\/","title":{"rendered":"O\u015brodek Wczesnej Interwencji"},"content":{"rendered":"\n<figure class=\"wp-block-image size-large\"><img loading=\"lazy\" width=\"724\" height=\"1024\" src=\"http:\/\/www.psonimielec.org.pl\/wp-content\/uploads\/2025\/04\/Tekst-akapitu-1-724x1024.jpg\" alt=\"Gdy pojawi si\u0119 niepok\u00f3j rodzic\u00f3w wskazana jest wizyta u lekarza rodzinnego i uzyskanie skierowania do O\u015brodka Wczesnej Interwencji. Podczas pierwszej wizyty dziecko badanie jest przez zesp\u00f3\u0142 specjalist\u00f3w. Wynikiem badania mo\u017ce by\u0107 wskazanie specjalistycznej terapii lub uspokojenie rodzic\u00f3w gdy dziecko rozwija sie prawid\u0142owo. Je\u015bli zostanie wskazana kompleksowa terapia w O\u015brodku Wczesnej Interwencji opracowany zostaje Indywidulany program terapeutyczny  i dziecko zostaje obj\u0119te kompleksow\u0105 terapi\u0105\" class=\"wp-image-2430\" srcset=\"https:\/\/www.psonimielec.org.pl\/wp-content\/uploads\/2025\/04\/Tekst-akapitu-1-724x1024.jpg 724w, https:\/\/www.psonimielec.org.pl\/wp-content\/uploads\/2025\/04\/Tekst-akapitu-1-212x300.jpg 212w, https:\/\/www.psonimielec.org.pl\/wp-content\/uploads\/2025\/04\/Tekst-akapitu-1-768x1086.jpg 768w, https:\/\/www.psonimielec.org.pl\/wp-content\/uploads\/2025\/04\/Tekst-akapitu-1-1086x1536.jpg 1086w, https:\/\/www.psonimielec.org.pl\/wp-content\/uploads\/2025\/04\/Tekst-akapitu-1-1448x2048.jpg 1448w, https:\/\/www.psonimielec.org.pl\/wp-content\/uploads\/2025\/04\/Tekst-akapitu-1-1200x1697.jpg 1200w, https:\/\/www.psonimielec.org.pl\/wp-content\/uploads\/2025\/04\/Tekst-akapitu-1-1980x2801.jpg 1980w, https:\/\/www.psonimielec.org.pl\/wp-content\/uploads\/2025\/04\/Tekst-akapitu-1-scaled.jpg 1810w\" sizes=\"(max-width: 724px) 100vw, 724px\" \/><\/figure>\n","protected":false},"excerpt":{"rendered":"","protected":false},"author":2,"featured_media":372,"parent":0,"menu_order":0,"comment_status":"closed","ping_status":"closed","template":"page-templates\/institution.php","meta":[],"acf":[],"_links":{"self":[{"href":"https:\/\/www.psonimielec.org.pl\/index.php\/wp-json\/wp\/v2\/pages\/134"}],"collection":[{"href":"https:\/\/www.psonimielec.org.pl\/index.php\/wp-json\/wp\/v2\/pages"}],"about":[{"href":"https:\/\/www.psonimielec.org.pl\/index.php\/wp-json\/wp\/v2\/types\/page"}],"author":[{"embeddable":true,"href":"https:\/\/www.psonimielec.org.pl\/index.php\/wp-json\/wp\/v2\/users\/2"}],"replies":[{"embeddable":true,"href":"https:\/\/www.psonimielec.org.pl\/index.php\/wp-json\/wp\/v2\/comments?post=134"}],"version-history":[{"count":49,"href":"https:\/\/www.psonimielec.org.pl\/index.php\/wp-json\/wp\/v2\/pages\/134\/revisions"}],"predecessor-version":[{"id":2432,"href":"https:\/\/www.psonimielec.org.pl\/index.php\/wp-json\/wp\/v2\/pages\/134\/revisions\/2432"}],"wp:featuredmedia":[{"embeddable":true,"href":"https:\/\/www.psonimielec.org.pl\/index.php\/wp-json\/wp\/v2\/media\/372"}],"wp:attachment":[{"href":"https:\/\/www.psonimielec.org.pl\/index.php\/wp-json\/wp\/v2\/media?parent=134"}],"curies":[{"name":"wp","href":"https:\/\/api.w.org\/{rel}","templated":true}]}}